{"id":987872,"date":"2026-02-23T08:16:22","date_gmt":"2026-02-23T08:16:22","guid":{"rendered":"https:\/\/www.elec-clim27.fr\/?page_id=987872"},"modified":"2026-02-23T08:18:36","modified_gmt":"2026-02-23T08:18:36","slug":"conditions-generales-de-vente","status":"publish","type":"page","link":"https:\/\/www.elec-clim27.fr\/index.php\/conditions-generales-de-vente\/","title":{"rendered":"Conditions g\u00e9n\u00e9rales de vente"},"content":{"rendered":"\t\t<div data-elementor-type=\"wp-page\" data-elementor-id=\"987872\" class=\"elementor elementor-987872\" data-elementor-post-type=\"page\">\n\t\t\t\t<div class=\"elementor-element elementor-element-9ca3ef2 e-flex e-con-boxed e-con e-parent\" data-id=\"9ca3ef2\" data-element_type=\"container\">\n\t\t\t\t\t<div class=\"e-con-inner\">\n\t\t\t\t<div class=\"elementor-element elementor-element-9e78532 elementor-widget elementor-widget-heading\" data-id=\"9e78532\" data-element_type=\"widget\" data-widget_type=\"heading.default\">\n\t\t\t\t<div class=\"elementor-widget-container\">\n\t\t\t\t\t<h2 class=\"elementor-heading-title elementor-size-default\">CONDITIONS G\u00c9N\u00c9RALES DE VENTE<\/h2>\t\t\t\t<\/div>\n\t\t\t\t<\/div>\n\t\t\t\t<div class=\"elementor-element elementor-element-495db6c elementor-widget elementor-widget-text-editor\" data-id=\"495db6c\" data-element_type=\"widget\" data-widget_type=\"text-editor.default\">\n\t\t\t\t<div class=\"elementor-widget-container\">\n\t\t\t\t\t\t\t\t\t<p data-start=\"363\" data-end=\"379\"><strong data-start=\"363\" data-end=\"379\">ELEC-CLIM 27<\/strong><\/p><h2 data-start=\"381\" data-end=\"410\">Article 1 \u2013 Identification<\/h2><p data-start=\"412\" data-end=\"645\">MERLIN Thomas Didier Andr\u00e9<br data-start=\"438\" data-end=\"441\" \/>Entrepreneur individuel<br data-start=\"464\" data-end=\"467\" \/>Nom commercial : ELEC-CLIM 27<br data-start=\"496\" data-end=\"499\" \/>SIRET : 992 943 175 00016<br data-start=\"524\" data-end=\"527\" \/>Adresse : 2 Le Gerier \u2013 27240 Mesnils-sur-Iton \u2013 France<br data-start=\"582\" data-end=\"585\" \/>T\u00e9l\u00e9phone : 06 70 22 01 77<br data-start=\"611\" data-end=\"614\" \/>Email : <a class=\"decorated-link cursor-pointer\" rel=\"noopener\" data-start=\"622\" data-end=\"643\">thomas@elec-clim27.fr<\/a><\/p><hr data-start=\"647\" data-end=\"650\" \/><h2 data-start=\"652\" data-end=\"672\">Article 2 \u2013 Objet<\/h2><p data-start=\"674\" data-end=\"748\">Les pr\u00e9sentes Conditions G\u00e9n\u00e9rales de Vente r\u00e9gissent les prestations de :<\/p><ul data-start=\"750\" data-end=\"996\"><li data-start=\"750\" data-end=\"772\"><p data-start=\"752\" data-end=\"772\">\u00c9lectricit\u00e9 g\u00e9n\u00e9rale<\/p><\/li><li data-start=\"773\" data-end=\"812\"><p data-start=\"775\" data-end=\"812\">Installation et r\u00e9novation \u00e9lectrique<\/p><\/li><li data-start=\"813\" data-end=\"852\"><p data-start=\"815\" data-end=\"852\">Ventilation m\u00e9canique contr\u00f4l\u00e9e (VMC)<\/p><\/li><li data-start=\"853\" data-end=\"897\"><p data-start=\"855\" data-end=\"897\">Domotique et gestion technique du b\u00e2timent<\/p><\/li><li data-start=\"898\" data-end=\"938\"><p data-start=\"900\" data-end=\"938\">Installation d\u2019\u00e9quipements \u00e9lectriques<\/p><\/li><li data-start=\"939\" data-end=\"996\"><p data-start=\"941\" data-end=\"996\">Travaux associ\u00e9s (saign\u00e9es, raccordements, protections)<\/p><\/li><\/ul><p data-start=\"998\" data-end=\"1076\">Toute signature de devis vaut acceptation pleine et enti\u00e8re des pr\u00e9sentes CGV.<\/p><hr data-start=\"1078\" data-end=\"1081\" \/><h2 data-start=\"1083\" data-end=\"1117\">Article 3 \u2013 Zone d\u2019intervention<\/h2><p data-start=\"1119\" data-end=\"1252\">ELEC-CLIM 27 intervient dans un rayon d\u2019environ <strong data-start=\"1167\" data-end=\"1211\">50 km autour de Mesnils-sur-Iton (27240)<\/strong>, notamment dans les communes suivantes :<\/p><p data-start=\"1254\" data-end=\"1416\">Damville, Buis-sur-Damville, Nonancourt, Conches-en-Ouche, Verneuil d\u2019Avre et d\u2019Iton, Vernon, Pacy-sur-Eure, \u00c9vreux, Bernay, Dreux, Saint-Andr\u00e9-de-l\u2019Eure, Elbeuf.<\/p><hr data-start=\"1418\" data-end=\"1421\" \/><h2 data-start=\"1423\" data-end=\"1467\">Article 4 \u2013 Devis et formation du contrat<\/h2><p data-start=\"1469\" data-end=\"1493\">Les devis sont gratuits.<\/p><p data-start=\"1495\" data-end=\"1558\">Ils sont valables <strong data-start=\"1513\" data-end=\"1523\">2 mois<\/strong> \u00e0 compter de leur date d\u2019\u00e9mission.<\/p><p data-start=\"1560\" data-end=\"1594\">Le contrat est form\u00e9 \u00e0 r\u00e9ception :<\/p><ul data-start=\"1596\" data-end=\"1694\"><li data-start=\"1596\" data-end=\"1648\"><p data-start=\"1598\" data-end=\"1648\">Du devis sign\u00e9 avec la mention \u00ab Bon pour accord \u00bb<\/p><\/li><li data-start=\"1649\" data-end=\"1694\"><p data-start=\"1651\" data-end=\"1694\">Du versement d\u2019un acompte si pr\u00e9vu au devis<\/p><\/li><\/ul><p data-start=\"1696\" data-end=\"1747\">Toute modification fera l\u2019objet d\u2019un avenant \u00e9crit.<\/p><hr data-start=\"1749\" data-end=\"1752\" \/><h2 data-start=\"1754\" data-end=\"1773\">Article 5 \u2013 Prix<\/h2><p data-start=\"1775\" data-end=\"1807\">Les prix sont exprim\u00e9s en euros.<\/p><p data-start=\"1809\" data-end=\"1874\">La TVA est appliqu\u00e9e conform\u00e9ment \u00e0 la r\u00e9glementation en vigueur.<\/p><p data-start=\"1876\" data-end=\"1914\">Les prix peuvent \u00eatre ajust\u00e9s en cas :<\/p><ul data-start=\"1916\" data-end=\"2026\"><li data-start=\"1916\" data-end=\"1937\"><p data-start=\"1918\" data-end=\"1937\">D\u2019impr\u00e9vu technique<\/p><\/li><li data-start=\"1938\" data-end=\"1978\"><p data-start=\"1940\" data-end=\"1978\">De modification demand\u00e9e par le client<\/p><\/li><li data-start=\"1979\" data-end=\"2026\"><p data-start=\"1981\" data-end=\"2026\">De variation importante du co\u00fbt des mat\u00e9riaux<\/p><\/li><\/ul><hr data-start=\"2028\" data-end=\"2031\" \/><h2 data-start=\"2033\" data-end=\"2069\">Article 6 \u2013 Modalit\u00e9s de paiement<\/h2><p data-start=\"2071\" data-end=\"2104\">Les paiements sont accept\u00e9s par :<\/p><ul data-start=\"2106\" data-end=\"2134\"><li data-start=\"2106\" data-end=\"2125\"><p data-start=\"2108\" data-end=\"2125\">Virement bancaire<\/p><\/li><li data-start=\"2126\" data-end=\"2134\"><p data-start=\"2128\" data-end=\"2134\">Ch\u00e8que<\/p><\/li><\/ul><p data-start=\"2136\" data-end=\"2209\">Sauf mention contraire, le r\u00e8glement est exigible \u00e0 r\u00e9ception de facture.<\/p><p data-start=\"2211\" data-end=\"2229\">En cas de retard :<\/p><ul data-start=\"2231\" data-end=\"2380\"><li data-start=\"2231\" data-end=\"2286\"><p data-start=\"2233\" data-end=\"2286\">Application d\u2019int\u00e9r\u00eats de retard au taux l\u00e9gal major\u00e9<\/p><\/li><li data-start=\"2287\" data-end=\"2380\"><p data-start=\"2289\" data-end=\"2380\">Indemnit\u00e9 forfaitaire de 40 \u20ac pour frais de recouvrement (article L441-10 Code de commerce)<\/p><\/li><\/ul><hr data-start=\"2382\" data-end=\"2385\" \/><h2 data-start=\"2387\" data-end=\"2420\">Article 7 \u2013 D\u00e9lais d\u2019ex\u00e9cution<\/h2><p data-start=\"2422\" data-end=\"2463\">Les d\u00e9lais sont donn\u00e9s \u00e0 titre indicatif.<\/p><p data-start=\"2465\" data-end=\"2530\">La responsabilit\u00e9 de l\u2019entreprise ne pourra \u00eatre engag\u00e9e en cas :<\/p><ul data-start=\"2532\" data-end=\"2648\"><li data-start=\"2532\" data-end=\"2550\"><p data-start=\"2534\" data-end=\"2550\">De force majeure<\/p><\/li><li data-start=\"2551\" data-end=\"2582\"><p data-start=\"2553\" data-end=\"2582\">De retard d\u2019approvisionnement<\/p><\/li><li data-start=\"2583\" data-end=\"2610\"><p data-start=\"2585\" data-end=\"2610\">D\u2019intervention d\u2019un tiers<\/p><\/li><li data-start=\"2611\" data-end=\"2648\"><p data-start=\"2613\" data-end=\"2648\">D\u2019impossibilit\u00e9 d\u2019acc\u00e8s au chantier<\/p><\/li><\/ul><hr data-start=\"2650\" data-end=\"2653\" \/><h2 data-start=\"2655\" data-end=\"2684\">Article 8 \u2013 Sous-traitance<\/h2><p data-start=\"2686\" data-end=\"2747\">L\u2019entreprise peut faire appel \u00e0 des sous-traitants qualifi\u00e9s.<\/p><p data-start=\"2749\" data-end=\"2808\">Elle demeure responsable de la bonne ex\u00e9cution des travaux.<\/p><hr data-start=\"2810\" data-end=\"2813\" \/><h2 data-start=\"2815\" data-end=\"2853\">Article 9 \u2013 Assurances et garanties<\/h2><p data-start=\"2855\" data-end=\"2937\">L\u2019entreprise est titulaire d\u2019une assurance de responsabilit\u00e9 d\u00e9cennale aupr\u00e8s de :<\/p><p data-start=\"2939\" data-end=\"3069\"><strong data-start=\"2939\" data-end=\"2965\">Groupama Centre Manche<\/strong><br data-start=\"2965\" data-end=\"2968\" \/>Contrat n\u00b0 617329780003<br data-start=\"2991\" data-end=\"2994\" \/>Valable du 01\/01\/2026 au 31\/12\/2026<\/p><p data-start=\"3071\" data-end=\"3158\">Garantie couvrant la responsabilit\u00e9 pr\u00e9vue aux articles 1792 et suivants du Code civil.<\/p><p data-start=\"3160\" data-end=\"3192\">Attestation fournie sur demande.<\/p><p data-start=\"3194\" data-end=\"3229\">Les travaux b\u00e9n\u00e9ficient \u00e9galement :<\/p><ul data-start=\"3231\" data-end=\"3311\"><li data-start=\"3231\" data-end=\"3270\"><p data-start=\"3233\" data-end=\"3270\">Garantie de parfait ach\u00e8vement (1 an)<\/p><\/li><li data-start=\"3271\" data-end=\"3290\"><p data-start=\"3273\" data-end=\"3290\">Garantie biennale<\/p><\/li><li data-start=\"3291\" data-end=\"3311\"><p data-start=\"3293\" data-end=\"3311\">Garantie d\u00e9cennale<\/p><\/li><\/ul><hr data-start=\"3313\" data-end=\"3316\" \/><h2 data-start=\"3318\" data-end=\"3348\">Article 10 \u2013 Responsabilit\u00e9<\/h2><p data-start=\"3350\" data-end=\"3400\">L\u2019entreprise est tenue d\u2019une obligation de moyens.<\/p><p data-start=\"3402\" data-end=\"3452\">Sa responsabilit\u00e9 ne saurait \u00eatre engag\u00e9e en cas :<\/p><ul data-start=\"3454\" data-end=\"3566\"><li data-start=\"3454\" data-end=\"3497\"><p data-start=\"3456\" data-end=\"3497\">De mauvaise utilisation des installations<\/p><\/li><li data-start=\"3498\" data-end=\"3536\"><p data-start=\"3500\" data-end=\"3536\">D\u2019intervention ult\u00e9rieure d\u2019un tiers<\/p><\/li><li data-start=\"3537\" data-end=\"3566\"><p data-start=\"3539\" data-end=\"3566\">De modification non valid\u00e9e<\/p><\/li><\/ul><hr data-start=\"3568\" data-end=\"3571\" \/><h2 data-start=\"3573\" data-end=\"3617\">Article 11 \u2013 M\u00e9diation de la consommation<\/h2><p data-start=\"3619\" data-end=\"3762\">Conform\u00e9ment \u00e0 l\u2019article L612-1 du Code de la consommation, le client particulier peut recourir gratuitement \u00e0 un m\u00e9diateur de la consommation.<\/p><p data-start=\"3764\" data-end=\"3835\">L\u2019organisme de m\u00e9diation sera communiqu\u00e9 d\u00e8s sa d\u00e9signation officielle.<\/p><hr data-start=\"3837\" data-end=\"3840\" \/><h2 data-start=\"3842\" data-end=\"3874\">Article 12 \u2013 Droit applicable<\/h2><p data-start=\"3876\" data-end=\"3926\">Les pr\u00e9sentes CGV sont soumises au droit fran\u00e7ais.<\/p><p data-start=\"3928\" data-end=\"3987\">Tout litige rel\u00e8ve des juridictions fran\u00e7aises comp\u00e9tentes.<\/p>\t\t\t\t\t\t\t\t<\/div>\n\t\t\t\t<\/div>\n\t\t\t\t\t<\/div>\n\t\t\t\t<\/div>\n\t\t\t\t<\/div>\n\t\t","protected":false},"excerpt":{"rendered":"<p>CONDITIONS G\u00c9N\u00c9RALES DE VENTE ELEC-CLIM 27 Article 1 \u2013 Identification MERLIN Thomas Didier Andr\u00e9Entrepreneur individuelNom commercial : ELEC-CLIM 27SIRET : 992 943 175 00016Adresse : 2 Le Gerier \u2013 27240 Mesnils-sur-Iton \u2013 FranceT\u00e9l\u00e9phone : 06 70 22 01 77Email : thomas@elec-clim27.fr Article 2 \u2013 Objet Les pr\u00e9sentes Conditions G\u00e9n\u00e9rales de Vente r\u00e9gissent les prestations de&#8230;<\/p>\n","protected":false},"author":1,"featured_media":0,"parent":0,"menu_order":0,"comment_status":"closed","ping_status":"closed","template":"","meta":{"footnotes":""},"class_list":["post-987872","page","type-page","status-publish","hentry"],"_links":{"self":[{"href":"https:\/\/www.elec-clim27.fr\/index.php\/wp-json\/wp\/v2\/pages\/987872","targetHints":{"allow":["GET"]}}],"collection":[{"href":"https:\/\/www.elec-clim27.fr\/index.php\/wp-json\/wp\/v2\/pages"}],"about":[{"href":"https:\/\/www.elec-clim27.fr\/index.php\/wp-json\/wp\/v2\/types\/page"}],"author":[{"embeddable":true,"href":"https:\/\/www.elec-clim27.fr\/index.php\/wp-json\/wp\/v2\/users\/1"}],"replies":[{"embeddable":true,"href":"https:\/\/www.elec-clim27.fr\/index.php\/wp-json\/wp\/v2\/comments?post=987872"}],"version-history":[{"count":5,"href":"https:\/\/www.elec-clim27.fr\/index.php\/wp-json\/wp\/v2\/pages\/987872\/revisions"}],"predecessor-version":[{"id":987878,"href":"https:\/\/www.elec-clim27.fr\/index.php\/wp-json\/wp\/v2\/pages\/987872\/revisions\/987878"}],"wp:attachment":[{"href":"https:\/\/www.elec-clim27.fr\/index.php\/wp-json\/wp\/v2\/media?parent=987872"}],"curies":[{"name":"wp","href":"https:\/\/api.w.org\/{rel}","templated":true}]}}