{"id":987853,"date":"2026-02-23T07:44:16","date_gmt":"2026-02-23T07:44:16","guid":{"rendered":"https:\/\/www.elec-clim27.fr\/?page_id=987853"},"modified":"2026-02-23T08:03:41","modified_gmt":"2026-02-23T08:03:41","slug":"politique-de-confidentialite","status":"publish","type":"page","link":"https:\/\/www.elec-clim27.fr\/index.php\/politique-de-confidentialite\/","title":{"rendered":"Politique de confidentialit\u00e9"},"content":{"rendered":"\t\t<div data-elementor-type=\"wp-page\" data-elementor-id=\"987853\" class=\"elementor elementor-987853\" data-elementor-post-type=\"page\">\n\t\t\t\t<div class=\"elementor-element elementor-element-032b8f5 e-flex e-con-boxed e-con e-parent\" data-id=\"032b8f5\" data-element_type=\"container\">\n\t\t\t\t\t<div class=\"e-con-inner\">\n\t\t\t\t<div class=\"elementor-element elementor-element-0941e2a elementor-widget elementor-widget-heading\" data-id=\"0941e2a\" data-element_type=\"widget\" data-widget_type=\"heading.default\">\n\t\t\t\t<div class=\"elementor-widget-container\">\n\t\t\t\t\t<h2 class=\"elementor-heading-title elementor-size-default\">Politique de confidentialit\u00e9<\/h2>\t\t\t\t<\/div>\n\t\t\t\t<\/div>\n\t\t\t\t\t<\/div>\n\t\t\t\t<\/div>\n\t\t<div class=\"elementor-element elementor-element-cd289f0 e-flex e-con-boxed e-con e-parent\" data-id=\"cd289f0\" data-element_type=\"container\">\n\t\t\t\t\t<div class=\"e-con-inner\">\n\t\t\t\t<div class=\"elementor-element elementor-element-0c58da9 elementor-widget elementor-widget-text-editor\" data-id=\"0c58da9\" data-element_type=\"widget\" data-widget_type=\"text-editor.default\">\n\t\t\t\t<div class=\"elementor-widget-container\">\n\t\t\t\t\t\t\t\t\t<p data-start=\"3641\" data-end=\"3664\"><strong data-start=\"3641\" data-end=\"3664\">Site elec-clim27.fr<\/strong><\/p><h3 data-start=\"3666\" data-end=\"3698\">1 \u2013 Responsable du traitement<\/h3><p data-start=\"3700\" data-end=\"3806\">MERLIN Thomas Didier Andr\u00e9<br data-start=\"3726\" data-end=\"3729\" \/>ELEC-CLIM 27<br data-start=\"3741\" data-end=\"3744\" \/><a class=\"decorated-link cursor-pointer\" rel=\"noopener\" data-start=\"3744\" data-end=\"3765\">thomas@elec-clim27.fr<\/a><br data-start=\"3765\" data-end=\"3768\" \/>2 Le Gerier \u2013 27240 Mesnils-sur-Iton<\/p><hr data-start=\"3808\" data-end=\"3811\" \/><h3 data-start=\"3813\" data-end=\"3838\">2 \u2013 Donn\u00e9es collect\u00e9es<\/h3><p data-start=\"3840\" data-end=\"3870\">Via le formulaire de contact :<\/p><ul data-start=\"3872\" data-end=\"3907\"><li data-start=\"3872\" data-end=\"3877\"><p data-start=\"3874\" data-end=\"3877\">Nom<\/p><\/li><li data-start=\"3878\" data-end=\"3885\"><p data-start=\"3880\" data-end=\"3885\">Email<\/p><\/li><li data-start=\"3886\" data-end=\"3897\"><p data-start=\"3888\" data-end=\"3897\">T\u00e9l\u00e9phone<\/p><\/li><li data-start=\"3898\" data-end=\"3907\"><p data-start=\"3900\" data-end=\"3907\">Message<\/p><\/li><\/ul><p data-start=\"3909\" data-end=\"3929\">Donn\u00e9es techniques :<\/p><ul data-start=\"3931\" data-end=\"4003\"><li data-start=\"3931\" data-end=\"3943\"><p data-start=\"3933\" data-end=\"3943\">Adresse IP<\/p><\/li><li data-start=\"3944\" data-end=\"4003\"><p data-start=\"3946\" data-end=\"4003\">Cookies strictement n\u00e9cessaires au fonctionnement du site<\/p><\/li><\/ul><hr data-start=\"4005\" data-end=\"4008\" \/><h3 data-start=\"4010\" data-end=\"4025\">3 \u2013 Finalit\u00e9<\/h3><p data-start=\"4027\" data-end=\"4060\">Les donn\u00e9es sont utilis\u00e9es pour :<\/p><ul data-start=\"4062\" data-end=\"4174\"><li data-start=\"4062\" data-end=\"4085\"><p data-start=\"4064\" data-end=\"4085\">R\u00e9pondre aux demandes<\/p><\/li><li data-start=\"4086\" data-end=\"4105\"><p data-start=\"4088\" data-end=\"4105\">\u00c9tablir des devis<\/p><\/li><li data-start=\"4106\" data-end=\"4140\"><p data-start=\"4108\" data-end=\"4140\">Suivi administratif et comptable<\/p><\/li><li data-start=\"4141\" data-end=\"4174\"><p data-start=\"4143\" data-end=\"4174\">Respect des obligations l\u00e9gales<\/p><\/li><\/ul><p data-start=\"4176\" data-end=\"4212\">Aucune donn\u00e9e n\u2019est vendue ni c\u00e9d\u00e9e.<\/p><hr data-start=\"4214\" data-end=\"4217\" \/><h3 data-start=\"4219\" data-end=\"4237\">4 \u2013 Base l\u00e9gale<\/h3><ul data-start=\"4239\" data-end=\"4330\"><li data-start=\"4239\" data-end=\"4267\"><p data-start=\"4241\" data-end=\"4267\">Ex\u00e9cution pr\u00e9contractuelle<\/p><\/li><li data-start=\"4268\" data-end=\"4287\"><p data-start=\"4270\" data-end=\"4287\">Obligation l\u00e9gale<\/p><\/li><li data-start=\"4288\" data-end=\"4330\"><p data-start=\"4290\" data-end=\"4330\">Consentement pour cookies non essentiels<\/p><\/li><\/ul><hr data-start=\"4332\" data-end=\"4335\" \/><h3 data-start=\"4337\" data-end=\"4365\">5 \u2013 Dur\u00e9e de conservation<\/h3><ul data-start=\"4367\" data-end=\"4430\"><li data-start=\"4367\" data-end=\"4386\"><p data-start=\"4369\" data-end=\"4386\">Prospects : 3 ans<\/p><\/li><li data-start=\"4387\" data-end=\"4430\"><p data-start=\"4389\" data-end=\"4430\">Clients : 10 ans (obligations comptables)<\/p><\/li><\/ul><hr data-start=\"4432\" data-end=\"4435\" \/><h3 data-start=\"4437\" data-end=\"4455\">6 \u2013 H\u00e9bergement<\/h3><p data-start=\"4457\" data-end=\"4468\">H\u00e9bergeur :<\/p><p data-start=\"4470\" data-end=\"4523\">OVH SAS<br data-start=\"4477\" data-end=\"4480\" \/>2 rue Kellermann<br data-start=\"4496\" data-end=\"4499\" \/>59100 Roubaix<br data-start=\"4512\" data-end=\"4515\" \/>France<\/p><p data-start=\"4525\" data-end=\"4572\">Les donn\u00e9es sont h\u00e9berg\u00e9es en Union Europ\u00e9enne.<\/p><hr data-start=\"4574\" data-end=\"4577\" \/><h3 data-start=\"4579\" data-end=\"4594\">7 \u2013 S\u00e9curit\u00e9<\/h3><p data-start=\"4596\" data-end=\"4699\">Des mesures techniques et organisationnelles appropri\u00e9es sont mises en \u0153uvre pour prot\u00e9ger les donn\u00e9es.<\/p><hr data-start=\"4701\" data-end=\"4704\" \/><h3 data-start=\"4706\" data-end=\"4736\">8 \u2013 Droits des utilisateurs<\/h3><p data-start=\"4738\" data-end=\"4799\">Conform\u00e9ment au RGPD (R\u00e8glement UE 2016\/679), vous disposez :<\/p><ul data-start=\"4801\" data-end=\"4871\"><li data-start=\"4801\" data-end=\"4816\"><p data-start=\"4803\" data-end=\"4816\">Droit d\u2019acc\u00e8s<\/p><\/li><li data-start=\"4817\" data-end=\"4832\"><p data-start=\"4819\" data-end=\"4832\">Rectification<\/p><\/li><li data-start=\"4833\" data-end=\"4845\"><p data-start=\"4835\" data-end=\"4845\">Effacement<\/p><\/li><li data-start=\"4846\" data-end=\"4858\"><p data-start=\"4848\" data-end=\"4858\">Opposition<\/p><\/li><li data-start=\"4859\" data-end=\"4871\"><p data-start=\"4861\" data-end=\"4871\">Limitation<\/p><\/li><\/ul><p data-start=\"4873\" data-end=\"4917\">Demande \u00e0 adresser \u00e0 : <a class=\"decorated-link cursor-pointer\" rel=\"noopener\" data-start=\"4896\" data-end=\"4917\">thomas@elec-clim27.fr<\/a><\/p><p data-start=\"4919\" data-end=\"4982\">En cas de litige : possibilit\u00e9 de saisir la CNIL (<a class=\"decorated-link\" href=\"http:\/\/www.cnil.fr\" target=\"_new\" rel=\"noopener\" data-start=\"4969\" data-end=\"4980\">www.cnil.fr<\/a>).<\/p>\t\t\t\t\t\t\t\t<\/div>\n\t\t\t\t<\/div>\n\t\t\t\t\t<\/div>\n\t\t\t\t<\/div>\n\t\t\t\t<\/div>\n\t\t","protected":false},"excerpt":{"rendered":"<p>Politique de confidentialit\u00e9 Site elec-clim27.fr 1 \u2013 Responsable du traitement MERLIN Thomas Didier Andr\u00e9ELEC-CLIM 27thomas@elec-clim27.fr2 Le Gerier \u2013 27240 Mesnils-sur-Iton 2 \u2013 Donn\u00e9es collect\u00e9es Via le formulaire de contact : Nom Email T\u00e9l\u00e9phone Message Donn\u00e9es techniques : Adresse IP Cookies strictement n\u00e9cessaires au fonctionnement du site 3 \u2013 Finalit\u00e9 Les donn\u00e9es sont utilis\u00e9es pour :&#8230;<\/p>\n","protected":false},"author":1,"featured_media":0,"parent":0,"menu_order":0,"comment_status":"closed","ping_status":"closed","template":"elementor_theme","meta":{"footnotes":""},"class_list":["post-987853","page","type-page","status-publish","hentry"],"_links":{"self":[{"href":"https:\/\/www.elec-clim27.fr\/index.php\/wp-json\/wp\/v2\/pages\/987853","targetHints":{"allow":["GET"]}}],"collection":[{"href":"https:\/\/www.elec-clim27.fr\/index.php\/wp-json\/wp\/v2\/pages"}],"about":[{"href":"https:\/\/www.elec-clim27.fr\/index.php\/wp-json\/wp\/v2\/types\/page"}],"author":[{"embeddable":true,"href":"https:\/\/www.elec-clim27.fr\/index.php\/wp-json\/wp\/v2\/users\/1"}],"replies":[{"embeddable":true,"href":"https:\/\/www.elec-clim27.fr\/index.php\/wp-json\/wp\/v2\/comments?post=987853"}],"version-history":[{"count":10,"href":"https:\/\/www.elec-clim27.fr\/index.php\/wp-json\/wp\/v2\/pages\/987853\/revisions"}],"predecessor-version":[{"id":987866,"href":"https:\/\/www.elec-clim27.fr\/index.php\/wp-json\/wp\/v2\/pages\/987853\/revisions\/987866"}],"wp:attachment":[{"href":"https:\/\/www.elec-clim27.fr\/index.php\/wp-json\/wp\/v2\/media?parent=987853"}],"curies":[{"name":"wp","href":"https:\/\/api.w.org\/{rel}","templated":true}]}}